{"id":1478,"date":"2021-10-19T16:08:35","date_gmt":"2021-10-19T16:08:35","guid":{"rendered":"https:\/\/www.clubeperamanca.pt\/?page_id=1478"},"modified":"2021-11-16T10:26:14","modified_gmt":"2021-11-16T10:26:14","slug":"terms-and-conditions","status":"publish","type":"page","link":"https:\/\/www.clubeperamanca.pt\/en\/terms-and-conditions\/","title":{"rendered":"Terms and Conditions"},"content":{"rendered":"<div class=\"wpb-content-wrapper\"><p>[vc_row css_animation=&#8221;&#8221; row_type=&#8221;row&#8221; use_row_as_full_screen_section=&#8221;no&#8221; type=&#8221;grid&#8221; angled_section=&#8221;no&#8221; text_align=&#8221;left&#8221; background_image_as_pattern=&#8221;without_pattern&#8221; z_index=&#8221;&#8221; padding_top=&#8221;50&#8243; padding_bottom=&#8221;50&#8243;][vc_column][vc_column_text]<strong>SITE PROPERTY<\/strong><br \/>\nEug\u00e9nio de Almeida Foundation<br \/>\nCorporate body no: 500730733<br \/>\nP\u00e1teo de S\u00e3o Miguel, Apartado 2001 &#8211; 7001-901 \u00c9vora, Portugal<br \/>\nPh: (+351) 266 748 300 \u2013 E-mail <a href=\"mailto:geral@fea.pt\">geral@fea.pt<\/a>[\/vc_column_text][vc_column_text css=&#8221;.vc_custom_1637058280874{margin-top: 15px !important;}&#8221;]<strong>1. CONFIDENTIALITY<\/strong><br \/>\nDue to the nature and objectives of the services available on this site, users are required to supply contacts and\/or information that may be considered of a personal nature. Eug\u00e9nio de Almeida Foundation undertakes to respect the legislation in force on the protection of personal data of its customers, in accordance with the General Data Protection Regulation of the European Union.[\/vc_column_text][vc_column_text css=&#8221;.vc_custom_1637058305656{margin-top: 15px !important;}&#8221;]<strong>2. CORRECTION AND UPDATING OF PERSONAL INFORMATION<\/strong><br \/>\nThe user of this site is responsible and owner of the data he\/she transmits to Eug\u00e9nio de Almeida Foundation, being able to access, update or rectify the information supplied about his\/her data. Should you feel the need to change any information of a personal nature you can always do so. Simply send an email to the Data Protection Officer: <a href=\"mailto:rtd@fea.pt\">rtd@fea.pt<\/a>[\/vc_column_text][vc_column_text css=&#8221;.vc_custom_1637058349268{margin-top: 15px !important;}&#8221;]<strong>3. ACCEPTANCE AND BINDING<\/strong><br \/>\nAll users of the services made available on this site are bound to accept and respect the conditions expressed here. For any further clarification about the Privacy Policy and Terms of Use of this site, please send an e-mail to: <a href=\"mailto:rtd@fea.pt\">rtd@fea.pt<\/a>. Furthermore, we inform you that the Eug\u00e9nio de Almeida Foundation has appointed a data protection officer who will manage all requests arising from the processing of personal data.[\/vc_column_text][\/vc_column][\/vc_row]<\/p>\n<\/div>","protected":false},"excerpt":{"rendered":"<p>[vc_row css_animation=&#8221;&#8221; row_type=&#8221;row&#8221; use_row_as_full_screen_section=&#8221;no&#8221; type=&#8221;grid&#8221; angled_section=&#8221;no&#8221; text_align=&#8221;left&#8221; background_image_as_pattern=&#8221;without_pattern&#8221; z_index=&#8221;&#8221; padding_top=&#8221;50&#8243; padding_bottom=&#8221;50&#8243;][vc_column][vc_column_text]SITE PROPERTY Eug\u00e9nio de Almeida Foundation Corporate body no: 500730733 P\u00e1teo de S\u00e3o Miguel, Apartado 2001 &#8211; 7001-901 \u00c9vora, Portugal Ph: (+351) 266 748 300 \u2013 E-mail geral@fea.pt[\/vc_column_text][vc_column_text css=&#8221;.vc_custom_1637058280874{margin-top: 15px !important;}&#8221;]1. CONFIDENTIALITY Due to the&#8230;<\/p>\n","protected":false},"author":1,"featured_media":0,"parent":0,"menu_order":0,"comment_status":"closed","ping_status":"closed","template":"full_width.php","meta":{"footnotes":"","_links_to":"","_links_to_target":""},"class_list":["post-1478","page","type-page","status-publish","hentry"],"_links":{"self":[{"href":"https:\/\/www.clubeperamanca.pt\/en\/wp-json\/wp\/v2\/pages\/1478","targetHints":{"allow":["GET"]}}],"collection":[{"href":"https:\/\/www.clubeperamanca.pt\/en\/wp-json\/wp\/v2\/pages"}],"about":[{"href":"https:\/\/www.clubeperamanca.pt\/en\/wp-json\/wp\/v2\/types\/page"}],"author":[{"embeddable":true,"href":"https:\/\/www.clubeperamanca.pt\/en\/wp-json\/wp\/v2\/users\/1"}],"replies":[{"embeddable":true,"href":"https:\/\/www.clubeperamanca.pt\/en\/wp-json\/wp\/v2\/comments?post=1478"}],"version-history":[{"count":3,"href":"https:\/\/www.clubeperamanca.pt\/en\/wp-json\/wp\/v2\/pages\/1478\/revisions"}],"predecessor-version":[{"id":1619,"href":"https:\/\/www.clubeperamanca.pt\/en\/wp-json\/wp\/v2\/pages\/1478\/revisions\/1619"}],"wp:attachment":[{"href":"https:\/\/www.clubeperamanca.pt\/en\/wp-json\/wp\/v2\/media?parent=1478"}],"curies":[{"name":"wp","href":"https:\/\/api.w.org\/{rel}","templated":true}]}}