{"id":198,"date":"2021-04-21T09:07:40","date_gmt":"2021-04-21T09:07:40","guid":{"rendered":"https:\/\/www.clubeperamanca.pt?page_id=198"},"modified":"2021-11-16T10:30:58","modified_gmt":"2021-11-16T10:30:58","slug":"privacy-policy","status":"publish","type":"page","link":"https:\/\/www.clubeperamanca.pt\/en\/privacy-policy\/","title":{"rendered":"Privacy Policy"},"content":{"rendered":"<div class=\"wpb-content-wrapper\"><p>[vc_row css_animation=&#8221;&#8221; row_type=&#8221;row&#8221; use_row_as_full_screen_section=&#8221;no&#8221; type=&#8221;grid&#8221; angled_section=&#8221;no&#8221; text_align=&#8221;left&#8221; background_image_as_pattern=&#8221;without_pattern&#8221; z_index=&#8221;&#8221; padding_top=&#8221;50&#8243; padding_bottom=&#8221;50&#8243;][vc_column][vc_column_text]Eug\u00e9nio de Almeida Foundation, owner of clubeperamanca.pt website, is committed to data security and privacy in accordance with the General Data Protection Regulation of the European Union.[\/vc_column_text][vc_column_text css=&#8221;.vc_custom_1637058438948{margin-top: 15px !important;}&#8221;]<strong>1. CONFIDENTIALITY<\/strong><br \/>\nDue to the nature and objectives of the services available on the site and the P\u00eara-Manca Club online shop, users are required to provide contacts and\/or information that may be considered personal in nature. The Eug\u00e9nio de Almeida Foundation undertakes to respect the legislation in force on the protection of personal data of its customers, in accordance with the General Data Protection Regulation of the European Union.[\/vc_column_text][vc_column_text css=&#8221;.vc_custom_1637058457187{margin-top: 15px !important;}&#8221;]<strong>2. DATABASES \/ USE OF LOGIN AND PASSWORD<\/strong><br \/>\nThe databases made available on the site and online shop of the P\u00eara-Manca Club have the sole purpose of maximising the business possibilities between the participants.[\/vc_column_text][vc_column_text css=&#8221;.vc_custom_1637058502848{margin-top: 15px !important;}&#8221;]<strong>3. CORRECTION AND UPDATING OF PERSONAL INFORMATION<\/strong><br \/>\nThe user of the website and online shop of P\u00eara-Manca Club is responsible for and the owner of the data that they transmit to Eug\u00e9nio de Almeida Foundation, being able to access, update, rectify or eliminate the information provided regarding their data. If you feel the need to change any information of a personal nature you can always do so. Simply access your account, by using your &#8220;login&#8221; and &#8220;password&#8221; or by sending an e-mail to <a href=\"mailto:cpm2000@fea.pt\">cpm2000@fea.pt<\/a>[\/vc_column_text][vc_column_text css=&#8221;.vc_custom_1637058646052{margin-top: 15px !important;}&#8221;]<strong>4. ACEITA\u00c7\u00c3O E VINCULA\u00c7\u00c3O<\/strong><br \/>\nTodo o utilizador dos servi\u00e7os disponibilizados neste s\u00edtio est\u00e1 vinculado \u00e0 aceita\u00e7\u00e3o e respeito pelas condi\u00e7\u00f5es aqui expressas. Para qualquer esclarecimento adicional sobre a Pol\u00edtica de Privacidade e Termos de Utiliza\u00e7\u00e3o deste site, envie-nos um e-mail para\u00a0<a href=\"mailto:cpm2000@fea.pt\" target=\"_blank\" rel=\"noopener\">cpm2000@fea.pt<\/a>[\/vc_column_text][vc_column_text css=&#8221;.vc_custom_1637058602009{margin-top: 15px !important;}&#8221;]If you have any questions about this Privacy Policy or the way we treat your data, you can contact the responsible person by e-mail: <a href=\"mailto:rtd@fea.pt\">rtd@fea.pt<\/a>.<\/p>\n<p>Ph: 266 748 300<\/p>\n<p>Or the Data Protection Officer from the following contact: Eug\u00e9nio de Almeida Foundation\/Data Protection Officer E-mail address: <a href=\"mailto:rtd@fea.pt\">rtd@fea.pt<\/a>.<\/p>\n<p>Address: P\u00e1teo de S\u00e3o Miguel, apartado 2001, 7001-901 \u00c9vora[\/vc_column_text][vc_column_text css=&#8221;.vc_custom_1637058633244{margin-top: 15px !important;}&#8221;]You also have the right to complain to the Portuguese Data Protection Commission (<a href=\"https:\/\/www.cnpd.pt\/\" target=\"_blank\" rel=\"noopener\">www.cnpd.pt<\/a>).[\/vc_column_text][\/vc_column][\/vc_row]<\/p>\n<\/div>","protected":false},"excerpt":{"rendered":"<p>[vc_row css_animation=&#8221;&#8221; row_type=&#8221;row&#8221; use_row_as_full_screen_section=&#8221;no&#8221; type=&#8221;grid&#8221; angled_section=&#8221;no&#8221; text_align=&#8221;left&#8221; background_image_as_pattern=&#8221;without_pattern&#8221; z_index=&#8221;&#8221; padding_top=&#8221;50&#8243; padding_bottom=&#8221;50&#8243;][vc_column][vc_column_text]Eug\u00e9nio de Almeida Foundation, owner of clubeperamanca.pt website, is committed to data security and privacy in accordance with the General Data Protection Regulation of the European Union.[\/vc_column_text][vc_column_text css=&#8221;.vc_custom_1637058438948{margin-top: 15px !important;}&#8221;]1. CONFIDENTIALITY Due to the nature&#8230;<\/p>\n","protected":false},"author":1,"featured_media":0,"parent":0,"menu_order":0,"comment_status":"closed","ping_status":"open","template":"","meta":{"footnotes":"","_links_to":"","_links_to_target":""},"class_list":["post-198","page","type-page","status-publish","hentry"],"_links":{"self":[{"href":"https:\/\/www.clubeperamanca.pt\/en\/wp-json\/wp\/v2\/pages\/198","targetHints":{"allow":["GET"]}}],"collection":[{"href":"https:\/\/www.clubeperamanca.pt\/en\/wp-json\/wp\/v2\/pages"}],"about":[{"href":"https:\/\/www.clubeperamanca.pt\/en\/wp-json\/wp\/v2\/types\/page"}],"author":[{"embeddable":true,"href":"https:\/\/www.clubeperamanca.pt\/en\/wp-json\/wp\/v2\/users\/1"}],"replies":[{"embeddable":true,"href":"https:\/\/www.clubeperamanca.pt\/en\/wp-json\/wp\/v2\/comments?post=198"}],"version-history":[{"count":3,"href":"https:\/\/www.clubeperamanca.pt\/en\/wp-json\/wp\/v2\/pages\/198\/revisions"}],"predecessor-version":[{"id":1621,"href":"https:\/\/www.clubeperamanca.pt\/en\/wp-json\/wp\/v2\/pages\/198\/revisions\/1621"}],"wp:attachment":[{"href":"https:\/\/www.clubeperamanca.pt\/en\/wp-json\/wp\/v2\/media?parent=198"}],"curies":[{"name":"wp","href":"https:\/\/api.w.org\/{rel}","templated":true}]}}